{"id":754,"date":"2024-05-25T23:53:51","date_gmt":"2024-05-25T23:53:51","guid":{"rendered":"https:\/\/afriqueaufeminin.flammechesolutions.com\/?page_id=754"},"modified":"2024-05-26T00:04:39","modified_gmt":"2024-05-26T00:04:39","slug":"rapprochement-femmes","status":"publish","type":"page","link":"https:\/\/afriqueaufeminin.flammechesolutions.com\/en\/rapprochement-femmes\/","title":{"rendered":"RAPPROCHEMENT FEMMES"},"content":{"rendered":"<div data-elementor-type=\"wp-page\" data-elementor-id=\"754\" class=\"elementor elementor-754\" data-elementor-post-type=\"page\">\n\t\t\t\t\t\t<section class=\"elementor-section elementor-top-section elementor-element elementor-element-ad0773f elementor-section-boxed elementor-section-height-default elementor-section-height-default\" data-id=\"ad0773f\" data-element_type=\"section\">\n\t\t\t\t\t\t<div class=\"elementor-container elementor-column-gap-default\">\n\t\t\t\t\t<div class=\"aux-parallax-section elementor-column elementor-col-100 elementor-top-column elementor-element elementor-element-ca936a3\" data-id=\"ca936a3\" data-element_type=\"column\">\n\t\t\t<div class=\"elementor-widget-wrap elementor-element-populated\">\n\t\t\t\t\t\t<section class=\"elementor-section elementor-inner-section elementor-element elementor-element-7ecd4ac elementor-section-content-middle elementor-section-boxed elementor-section-height-default elementor-section-height-default\" data-id=\"7ecd4ac\" data-element_type=\"section\">\n\t\t\t\t\t\t<div class=\"elementor-container elementor-column-gap-no\">\n\t\t\t\t\t<div class=\"aux-parallax-section elementor-column elementor-col-50 elementor-inner-column elementor-element elementor-element-8479d69\" data-id=\"8479d69\" data-element_type=\"column\">\n\t\t\t<div class=\"elementor-widget-wrap elementor-element-populated\">\n\t\t\t\t\t\t<div class=\"elementor-element elementor-element-2916c5a aux-appear-watch-animation aux-scale-down elementor-widget elementor-widget-aux_image\" data-id=\"2916c5a\" data-element_type=\"widget\" data-widget_type=\"aux_image.default\">\n\t\t\t\t<div class=\"elementor-widget-container\">\n\t\t\t<section class=\"widget-container aux-widget-image aux-alignnone aux-parent-aufd9e3253\">\n    <div class=\"aux-media-hint-frame\">\n        <div class=\"aux-media-image\" >\n        \n            \n\n            \n            <img decoding=\"async\" src=\"https:\/\/afriqueaufeminin.flammechesolutions.com\/wp-content\/uploads\/2024\/05\/St.-Jo-oratoire-3.jpg\" alt=\"St.-Jo-oratoire-3\" \/>            \n                <\/div>\n    <\/div>\n\n<\/section><!-- widget-container -->\t\t<\/div>\n\t\t\t\t<\/div>\n\t\t\t\t\t<\/div>\n\t\t<\/div>\n\t\t\t\t<div class=\"aux-parallax-section elementor-column elementor-col-50 elementor-inner-column elementor-element elementor-element-cbae0ec\" data-id=\"cbae0ec\" data-element_type=\"column\">\n\t\t\t<div class=\"elementor-widget-wrap elementor-element-populated\">\n\t\t\t\t\t\t<div class=\"elementor-element elementor-element-1337313 aux-appear-watch-animation aux-fade-in-up-1 elementor-widget elementor-widget-text-editor\" data-id=\"1337313\" data-element_type=\"widget\" data-widget_type=\"text-editor.default\">\n\t\t\t\t<div class=\"elementor-widget-container\">\n\t\t\t<style>\/*! elementor - v3.22.0 - 17-06-2024 *\/\n.elementor-widget-text-editor.elementor-drop-cap-view-stacked .elementor-drop-cap{background-color:#69727d;color:#fff}.elementor-widget-text-editor.elementor-drop-cap-view-framed .elementor-drop-cap{color:#69727d;border:3px solid;background-color:transparent}.elementor-widget-text-editor:not(.elementor-drop-cap-view-default) .elementor-drop-cap{margin-top:8px}.elementor-widget-text-editor:not(.elementor-drop-cap-view-default) .elementor-drop-cap-letter{width:1em;height:1em}.elementor-widget-text-editor .elementor-drop-cap{float:left;text-align:center;line-height:1;font-size:50px}.elementor-widget-text-editor .elementor-drop-cap-letter{display:inline-block}<\/style>\t\t\t\t<p>Rapprochement Femmes\u00a0<strong>aims to assist newcomer women<\/strong>\u00a0navigate services and resources through community-based education, while fostering connections between participants and breaking isolation. Rapprochement Femmes is led by omen, like dancing, singing and cooking.\u00a0<strong>Afrique au F\u00e9minin<\/strong>Afrique au F\u00e9minin, and brings together the member organizations of the Table de Concertation des Femmes de Parc-Extension. Participants tour each organization and benefit from their expertise while making friends and getting to know Parc-Extension. There are also cultural workshops that develop bonds between w<\/p>\t\t\t\t\t\t<\/div>\n\t\t\t\t<\/div>\n\t\t\t\t<div class=\"elementor-element elementor-element-201738f elementor-widget__width-initial elementor-widget elementor-widget-aux_text\" data-id=\"201738f\" data-element_type=\"widget\" data-widget_type=\"aux_text.default\">\n\t\t\t\t<div class=\"elementor-widget-container\">\n\t\t\t<section class=\"widget-container aux-widget-text aux-parent-au0bf7d94a\">        <div class=\"aux-widget-advanced-text aux-wrap-style-simple aux-ico-pos-top aux-text-center aux-text-resp- aux-text-color-dark aux-text-widget-bg-center aux-text-no-content\" >\n        \n            \n            <div class=\"aux-text-inner aux-text-widget-content\">\n                                <h4 class=\"col-title\">Are you interested in this activity?<\/h4>\n                <a  href=\"https:\/\/afriqueaufeminin.flammechesolutions.com\/en\/nous-joindre\/\" target=\"_self\"   class=\"aux-button aux-medium aux-black aux-round aux-outline\" ><span class=\"aux-overlay\"><\/span><span class=\"aux-text\">Registration<\/span><\/a>            <\/div>\n        <\/div>\n                    <div class=\"aux-text-widget-footer\">\n                <div class=\"aux-border-shape-none\">\n                                <\/div>\n            <\/div>\n        \n<\/section><!-- widget-container -->\t\t<\/div>\n\t\t\t\t<\/div>\n\t\t\t\t\t<\/div>\n\t\t<\/div>\n\t\t\t\t\t<\/div>\n\t\t<\/section>\n\t\t\t\t\t<\/div>\n\t\t<\/div>\n\t\t\t\t\t<\/div>\n\t\t<\/section>\n\t\t\t\t<section class=\"elementor-section elementor-top-section elementor-element elementor-element-70534f2 elementor-section-full_width elementor-section-height-default elementor-section-height-default\" data-id=\"70534f2\" data-element_type=\"section\">\n\t\t\t\t\t\t<div class=\"elementor-container elementor-column-gap-default\">\n\t\t\t\t\t<div class=\"aux-parallax-section elementor-column elementor-col-100 elementor-top-column elementor-element elementor-element-b400e1b\" data-id=\"b400e1b\" data-element_type=\"column\">\n\t\t\t<div class=\"elementor-widget-wrap elementor-element-populated\">\n\t\t\t\t\t\t<div class=\"elementor-element elementor-element-52c9347 elementor-widget elementor-widget-text-editor\" data-id=\"52c9347\" data-element_type=\"widget\" data-widget_type=\"text-editor.default\">\n\t\t\t\t<div class=\"elementor-widget-container\">\n\t\t\t\t\t\t\t<h2>Example Activities for Newcomer Women:<\/h2><h3>Outing<\/h3><ul><li><a href=\"https:\/\/www.generationemploi.org\/\">Centre G\u00e9n\u00e9ration Emploi<\/a>\u00a0(CGE) \u2013 employment counselling centre<\/li><li><a href=\"https:\/\/www.cvcstroch.com\/\">Cuisine et Vie Collective<\/a>\u00a0\u2013 food security organization<\/li><li><a href=\"https:\/\/www.facebook.com\/CAParcEx\/\">Comit\u00e9 d\u2019Action de Parc-Extension<\/a>\u00a0(CAPE) \u2013 housing security organization<\/li><li><a href=\"https:\/\/www.siari.org\/\">Service d\u2019Interpr\u00e8te d\u2019Aide et de R\u00e9f\u00e9rence aux Immigrants<\/a>\u00a0(SIARI) \u2013 provides assistance for governmental procedures (ex. citizenship test, visa request), translation services and more.<\/li><\/ul><h3>Workshops<\/h3><ul><li>Financial management with\u00a0<a href=\"https:\/\/www.desjardins.com\/index.jsp\">Desjardins Bank<\/a><\/li><li>Immigration law with students of the<a href=\"https:\/\/www.umontreal.ca\/\">University of Montreal<\/a><\/li><\/ul><h3>Other<\/h3><ul><li>Kiosks<\/li><li>Dancing, singing and making friends!<\/li><\/ul>\t\t\t\t\t\t<\/div>\n\t\t\t\t<\/div>\n\t\t\t\t\t<\/div>\n\t\t<\/div>\n\t\t\t\t\t<\/div>\n\t\t<\/section>\n\t\t\t\t<\/div>","protected":false},"excerpt":{"rendered":"<p>L\u2019objectif de\u00a0Rapprochement Femmes\u00a0est d\u2019aider les femmes r\u00e9cemment arriv\u00e9es \u00e0 s\u2019orienter dans les services et les ressources du quartier, tout en favorisant les liens entre les participantes et en brisant l\u2019isolement. Rapprochement Femmes est dirig\u00e9 par\u00a0Afrique au F\u00e9minin, et rassemble les organisations membres de la Table de Concertation des Femmes de Parc-Extension. Les participantes visitent chaque [&hellip;]<\/p>","protected":false},"author":1,"featured_media":0,"parent":0,"menu_order":0,"comment_status":"closed","ping_status":"closed","template":"","meta":{"_monsterinsights_skip_tracking":false,"_monsterinsights_sitenote_active":false,"_monsterinsights_sitenote_note":"","_monsterinsights_sitenote_category":0,"footnotes":""},"class_list":["post-754","page","type-page","status-publish","hentry"],"_links":{"self":[{"href":"https:\/\/afriqueaufeminin.flammechesolutions.com\/en\/wp-json\/wp\/v2\/pages\/754"}],"collection":[{"href":"https:\/\/afriqueaufeminin.flammechesolutions.com\/en\/wp-json\/wp\/v2\/pages"}],"about":[{"href":"https:\/\/afriqueaufeminin.flammechesolutions.com\/en\/wp-json\/wp\/v2\/types\/page"}],"author":[{"embeddable":true,"href":"https:\/\/afriqueaufeminin.flammechesolutions.com\/en\/wp-json\/wp\/v2\/users\/1"}],"replies":[{"embeddable":true,"href":"https:\/\/afriqueaufeminin.flammechesolutions.com\/en\/wp-json\/wp\/v2\/comments?post=754"}],"version-history":[{"count":4,"href":"https:\/\/afriqueaufeminin.flammechesolutions.com\/en\/wp-json\/wp\/v2\/pages\/754\/revisions"}],"predecessor-version":[{"id":760,"href":"https:\/\/afriqueaufeminin.flammechesolutions.com\/en\/wp-json\/wp\/v2\/pages\/754\/revisions\/760"}],"wp:attachment":[{"href":"https:\/\/afriqueaufeminin.flammechesolutions.com\/en\/wp-json\/wp\/v2\/media?parent=754"}],"curies":[{"name":"wp","href":"https:\/\/api.w.org\/{rel}","templated":true}]}}