{"id":682,"date":"2024-05-23T19:41:52","date_gmt":"2024-05-23T19:41:52","guid":{"rendered":"https:\/\/afriqueaufeminin.flammechesolutions.com\/?page_id=682"},"modified":"2024-05-29T17:56:02","modified_gmt":"2024-05-29T17:56:02","slug":"inscription","status":"publish","type":"page","link":"https:\/\/afriqueaufeminin.flammechesolutions.com\/en\/inscription\/","title":{"rendered":"REGISTRATION"},"content":{"rendered":"<div data-elementor-type=\"wp-page\" data-elementor-id=\"682\" class=\"elementor elementor-682\" data-elementor-post-type=\"page\">\n\t\t\t\t\t\t<section class=\"elementor-section elementor-top-section elementor-element elementor-element-9136550 elementor-section-full_width elementor-section-stretched elementor-section-height-default elementor-section-height-default\" data-id=\"9136550\" data-element_type=\"section\" data-settings=\"{&quot;stretch_section&quot;:&quot;section-stretched&quot;}\">\n\t\t\t\t\t\t<div class=\"elementor-container elementor-column-gap-default\">\n\t\t\t\t\t<div class=\"aux-parallax-section elementor-column elementor-col-100 elementor-top-column elementor-element elementor-element-4db65b6\" data-id=\"4db65b6\" data-element_type=\"column\">\n\t\t\t<div class=\"elementor-widget-wrap elementor-element-populated\">\n\t\t\t\t\t\t<div class=\"elementor-element elementor-element-36df3f7 elementor-widget elementor-widget-heading\" data-id=\"36df3f7\" data-element_type=\"widget\" data-widget_type=\"heading.default\">\n\t\t\t\t<div class=\"elementor-widget-container\">\n\t\t\t<style>\/*! elementor - v3.22.0 - 17-06-2024 *\/\n.elementor-heading-title{padding:0;margin:0;line-height:1}.elementor-widget-heading .elementor-heading-title[class*=elementor-size-]>a{color:inherit;font-size:inherit;line-height:inherit}.elementor-widget-heading .elementor-heading-title.elementor-size-small{font-size:15px}.elementor-widget-heading .elementor-heading-title.elementor-size-medium{font-size:19px}.elementor-widget-heading .elementor-heading-title.elementor-size-large{font-size:29px}.elementor-widget-heading .elementor-heading-title.elementor-size-xl{font-size:39px}.elementor-widget-heading .elementor-heading-title.elementor-size-xxl{font-size:59px}<\/style><h2 class=\"elementor-heading-title elementor-size-default\">Join us for one of our diverse activities! There is something for everyone.<\/h2>\t\t<\/div>\n\t\t\t\t<\/div>\n\t\t\t\t\t<\/div>\n\t\t<\/div>\n\t\t\t\t\t<\/div>\n\t\t<\/section>\n\t\t\t\t<section class=\"elementor-section elementor-top-section elementor-element elementor-element-f28ac7e elementor-section-full_width elementor-section-stretched elementor-section-height-default elementor-section-height-default\" data-id=\"f28ac7e\" data-element_type=\"section\" data-settings=\"{&quot;stretch_section&quot;:&quot;section-stretched&quot;}\">\n\t\t\t\t\t\t<div class=\"elementor-container elementor-column-gap-no\">\n\t\t\t\t\t<div class=\"aux-parallax-section elementor-column elementor-col-50 elementor-top-column elementor-element elementor-element-7fea50b\" data-id=\"7fea50b\" data-element_type=\"column\" data-settings=\"{&quot;background_background&quot;:&quot;classic&quot;}\">\n\t\t\t<div class=\"elementor-widget-wrap elementor-element-populated\">\n\t\t\t\t\t<div class=\"elementor-background-overlay\"><\/div>\n\t\t\t\t\t\t<div class=\"elementor-element elementor-element-4843c38 aux-appear-watch-animation aux-scale-down elementor-widget elementor-widget-aux_modern_heading\" data-id=\"4843c38\" data-element_type=\"widget\" data-widget_type=\"aux_modern_heading.default\">\n\t\t\t\t<div class=\"elementor-widget-container\">\n\t\t\t<section class=\"aux-widget-modern-heading\">\n            <div class=\"aux-widget-inner\"><p class=\"aux-modern-heading-primary\"><\/p><h4 class=\"aux-modern-heading-secondary\"><span class=\"aux-head-before\">Please come to one of our points of service to register for our activities or to become a member of our organization:<\/span><\/h4><div class=\"aux-modern-heading-divider\"><\/div><div class=\"aux-modern-heading-description\"><p><strong>7000 Avenue du Parc, bureau 106-107<\/strong><\/p><p>(Entr\u00e9e\u00a07009,\u00a0\u00a0Hutchison, \u00e0 c\u00f4t\u00e9 du CLSC Parc-Extension)<\/p><p>OU<\/p><p><strong>419 Rue Saint-Roch, SS-20 et SS-22<\/strong><\/p><\/div><\/div>\n        <\/section>\t\t<\/div>\n\t\t\t\t<\/div>\n\t\t\t\t\t<\/div>\n\t\t<\/div>\n\t\t\t\t<div class=\"aux-parallax-section elementor-column elementor-col-50 elementor-top-column elementor-element elementor-element-95d7e34\" data-id=\"95d7e34\" data-element_type=\"column\" data-settings=\"{&quot;background_background&quot;:&quot;classic&quot;}\">\n\t\t\t<div class=\"elementor-widget-wrap elementor-element-populated\">\n\t\t\t\t\t<div class=\"elementor-background-overlay\"><\/div>\n\t\t\t\t\t\t<div class=\"elementor-element elementor-element-2729c3f aux-appear-watch-animation aux-scale-down elementor-widget elementor-widget-aux_modern_heading\" data-id=\"2729c3f\" data-element_type=\"widget\" data-widget_type=\"aux_modern_heading.default\">\n\t\t\t\t<div class=\"elementor-widget-container\">\n\t\t\t<section class=\"aux-widget-modern-heading\">\n            <div class=\"aux-widget-inner\"><p class=\"aux-modern-heading-primary\"><\/p><div class=\"aux-modern-heading-divider\"><\/div><div class=\"aux-modern-heading-description\"><p>Our offices are open from 9am to 12pm and from 1pm to 5pm.\u00a0<strong>Important: no one will be available to help you during the lunch hour!<\/strong>\u00a0Some activities that do not require official documents or payment can be done by phone at 514-272-3274 or at 514-276-3274. If it is impossible for you to come by during our opening hours, please call us and arrange an alternative.\u00a0<\/p><p>To register for the PAM Project, please write to the coordinator by email:\u00a0<a href=\"mailto:mobilisationparcextension@gmail.com\">mobilisationparcextension@gmail.com<\/a>.<\/p><p>Here is a list of documents to bring when registering for French classes or our food bank:<\/p><\/div><\/div>\n        <\/section>\t\t<\/div>\n\t\t\t\t<\/div>\n\t\t\t\t\t<\/div>\n\t\t<\/div>\n\t\t\t\t\t<\/div>\n\t\t<\/section>\n\t\t\t\t<section class=\"elementor-section elementor-top-section elementor-element elementor-element-e141816 elementor-section-full_width elementor-section-stretched elementor-section-height-default elementor-section-height-default\" data-id=\"e141816\" data-element_type=\"section\" data-settings=\"{&quot;stretch_section&quot;:&quot;section-stretched&quot;}\">\n\t\t\t\t\t\t<div class=\"elementor-container elementor-column-gap-no\">\n\t\t\t\t\t<div class=\"aux-parallax-section elementor-column elementor-col-50 elementor-top-column elementor-element elementor-element-5461c87\" data-id=\"5461c87\" data-element_type=\"column\">\n\t\t\t<div class=\"elementor-widget-wrap elementor-element-populated\">\n\t\t\t\t\t\t<div class=\"elementor-element elementor-element-dc6a08d aux-appear-watch-animation aux-fade-in-up-1 elementor-widget elementor-widget-aux_modern_heading\" data-id=\"dc6a08d\" data-element_type=\"widget\" data-widget_type=\"aux_modern_heading.default\">\n\t\t\t\t<div class=\"elementor-widget-container\">\n\t\t\t<section class=\"aux-widget-modern-heading\">\n            <div class=\"aux-widget-inner\"><p class=\"aux-modern-heading-primary\">French Classes<\/p><h4 class=\"aux-modern-heading-secondary\"><span class=\"aux-head-before\">For a citizen or permanent resident:<\/span><\/h4><div class=\"aux-modern-heading-divider\"><\/div><div class=\"aux-modern-heading-description\"><p style=\"text-align: left\">1. Piece of identification<\/p><p style=\"text-align: left\">2. Social insurance number (SIN)<\/p><p style=\"text-align: left\">3. A void cheque<\/p><p style=\"text-align: left\"><b>For an internation student:<\/b><\/p><p style=\"text-align: left\">1. Work permit or study permit<b><\/b><\/p><p style=\"text-align: left\">2. Social insurance number (SIN)<\/p><p style=\"text-align: left\">3. A void cheque<\/p><p style=\"text-align: left\"><b>For a refugee:<\/b><\/p><p style=\"text-align: left\">\u00a01. Brown paper ID<\/p><p style=\"text-align: left\">2. Social insurance number (SIN)<\/p><\/div><\/div>\n        <\/section>\t\t<\/div>\n\t\t\t\t<\/div>\n\t\t\t\t\t<\/div>\n\t\t<\/div>\n\t\t\t\t<div class=\"aux-parallax-section elementor-column elementor-col-50 elementor-top-column elementor-element elementor-element-6b510dc\" data-id=\"6b510dc\" data-element_type=\"column\">\n\t\t\t<div class=\"elementor-widget-wrap elementor-element-populated\">\n\t\t\t\t\t\t<div class=\"elementor-element elementor-element-4649c9e elementor-widget elementor-widget-aux_image\" data-id=\"4649c9e\" data-element_type=\"widget\" data-widget_type=\"aux_image.default\">\n\t\t\t\t<div class=\"elementor-widget-container\">\n\t\t\t<section class=\"widget-container aux-widget-image aux-alignnone aux-parent-au7684039a\">\n    <div class=\"aux-media-hint-frame\">\n        <div class=\"aux-media-image\" >\n        \n            \n\n            \n            <img decoding=\"async\" src=\"https:\/\/afriqueaufeminin.flammechesolutions.com\/wp-content\/uploads\/2024\/05\/francais2-261.jpg\" alt=\"francais2-261\" \/>            \n                <\/div>\n    <\/div>\n\n<\/section><!-- widget-container -->\t\t<\/div>\n\t\t\t\t<\/div>\n\t\t\t\t\t<\/div>\n\t\t<\/div>\n\t\t\t\t\t<\/div>\n\t\t<\/section>\n\t\t\t\t<section class=\"elementor-section elementor-top-section elementor-element elementor-element-09d0934 elementor-section-full_width elementor-section-stretched elementor-section-height-default elementor-section-height-default\" data-id=\"09d0934\" data-element_type=\"section\" data-settings=\"{&quot;stretch_section&quot;:&quot;section-stretched&quot;}\">\n\t\t\t\t\t\t<div class=\"elementor-container elementor-column-gap-no\">\n\t\t\t\t\t<div class=\"aux-parallax-section elementor-column elementor-col-100 elementor-top-column elementor-element elementor-element-90c1ffc\" data-id=\"90c1ffc\" data-element_type=\"column\">\n\t\t\t<div class=\"elementor-widget-wrap elementor-element-populated\">\n\t\t\t\t\t\t<div class=\"aux-scroll-anim elementor-element elementor-element-4d69c9a elementor-widget__width-auto elementor-widget elementor-widget-aux_simple_svg\" data-move-in=\"moveHorizontal\" data-move-out=\"moveHorizontal\" data-axis-x=\"30\" data-axis-y=\"200\" data-rotate=\"90\" data-scale=\"1\" data-vp-top=\"0.5\" data-vp-bot=\"0.5\" data-el-top=\"0.2\" data-scroll-animation-off=\"1024\" data-id=\"4d69c9a\" data-element_type=\"widget\" data-widget_type=\"aux_simple_svg.default\">\n\t\t\t\t<div class=\"elementor-widget-container\">\n\t\t\t    <div class=\"aux-widget-container aux-simple-svg-container\">\n        <div class=\"aux-widget-container-inner\">\n            <div class=\"aux-the-svg\"><svg xmlns=\"http:\/\/www.w3.org\/2000\/svg\" width=\"390.256\" height=\"399.596\" viewbox=\"0 0 280.256 300.596\">\r\n  <path id=\"Path_1610\" d=\"M-19.24-87.719s.97.158,1.458.245C68.711-71.914,148.257-38.384,159,0c12.75,45.556-9.93,91.656-32.45,151.721-.212.567-.724,1.935-.724,1.935Z\" transform=\"translate(95.631 85.099) rotate(31)\" fill=\"var( --e-global-color-primary )\" \/>\r\n<\/svg>\r\n<\/div>\n        <\/div>\n    <\/div>\n    \t\t<\/div>\n\t\t\t\t<\/div>\n\t\t\t\t<div class=\"aux-scroll-anim elementor-element elementor-element-4115733 elementor-widget elementor-widget-aux_simple_svg\" data-move-in=\"moveHorizontal\" data-move-out=\"moveHorizontal\" data-axis-x=\"-80\" data-axis-y=\"200\" data-rotate=\"90\" data-scale=\"1\" data-vp-top=\"0.5\" data-vp-bot=\"0.5\" data-el-top=\"0.2\" data-scroll-animation-off=\"1024\" data-id=\"4115733\" data-element_type=\"widget\" data-widget_type=\"aux_simple_svg.default\">\n\t\t\t\t<div class=\"elementor-widget-container\">\n\t\t\t    <div class=\"aux-widget-container aux-simple-svg-container\">\n        <div class=\"aux-widget-container-inner\">\n            <div class=\"aux-the-svg\"><svg xmlns=\"http:\/\/www.w3.org\/2000\/svg\" width=\"1957.455\" height=\"1957.455\" viewbox=\"0 0 1957.455 1957.455\"><defs><lineargradient id=\"linear-gradient\" x1=\"0.254\" y1=\"0.935\" x2=\"1.067\" y2=\"0.404\"><stop offset=\"0\" stop-color=\"#f6f6f6\"><\/stop><stop offset=\"1\" stop-color=\"#fff\"><\/stop><\/lineargradient><\/defs><path id=\"Path_1596\" d=\"M0,1168.159c170.741,280.134,1320.677,243.8,1393.774-17.377S1168.355,0,1168.355,0Z\" transform=\"translate(1957.455 963.759) rotate(135)\" fill=\"url(#linear-gradient)\"><\/path><\/svg><\/div>\n        <\/div>\n    <\/div>\n    \t\t<\/div>\n\t\t\t\t<\/div>\n\t\t\t\t<div class=\"elementor-element elementor-element-9b4bbf2 aux-appear-watch-animation aux-slide-from-bot elementor-widget elementor-widget-aux_modern_heading\" data-id=\"9b4bbf2\" data-element_type=\"widget\" data-widget_type=\"aux_modern_heading.default\">\n\t\t\t\t<div class=\"elementor-widget-container\">\n\t\t\t<section class=\"aux-widget-modern-heading\">\n            <div class=\"aux-widget-inner\"><p class=\"aux-modern-heading-primary\">Food Bank<\/p><h4 class=\"aux-modern-heading-secondary\"><span class=\"aux-head-before\">For a first-time registration or renewal of your card:<\/span><\/h4><div class=\"aux-modern-heading-divider\"><\/div><\/div>\n        <\/section>\t\t<\/div>\n\t\t\t\t<\/div>\n\t\t\t\t<section class=\"elementor-section elementor-inner-section elementor-element elementor-element-728d395 elementor-section-content-middle elementor-section-boxed elementor-section-height-default elementor-section-height-default\" data-id=\"728d395\" data-element_type=\"section\">\n\t\t\t\t\t\t<div class=\"elementor-container elementor-column-gap-no\">\n\t\t\t\t\t<div class=\"aux-parallax-section elementor-column elementor-col-50 elementor-inner-column elementor-element elementor-element-d1d5ee7\" data-id=\"d1d5ee7\" data-element_type=\"column\">\n\t\t\t<div class=\"elementor-widget-wrap elementor-element-populated\">\n\t\t\t\t\t\t<div class=\"elementor-element elementor-element-71e691a aux-appear-watch-animation aux-scale-down elementor-widget elementor-widget-aux_image\" data-id=\"71e691a\" data-element_type=\"widget\" data-widget_type=\"aux_image.default\">\n\t\t\t\t<div class=\"elementor-widget-container\">\n\t\t\t<section class=\"widget-container aux-widget-image aux-alignnone aux-parent-au40f54988\">\n    <div class=\"aux-media-hint-frame\">\n        <div class=\"aux-media-image\" >\n        \n            \n\n            \n            <img decoding=\"async\" src=\"https:\/\/afriqueaufeminin.flammechesolutions.com\/wp-content\/uploads\/2024\/05\/DSC02598-2048x1363-1.jpg\" alt=\"DSC02598-2048x1363\" \/>            \n                <\/div>\n    <\/div>\n\n<\/section><!-- widget-container -->\t\t<\/div>\n\t\t\t\t<\/div>\n\t\t\t\t\t<\/div>\n\t\t<\/div>\n\t\t\t\t<div class=\"aux-parallax-section elementor-column elementor-col-50 elementor-inner-column elementor-element elementor-element-b2ca822\" data-id=\"b2ca822\" data-element_type=\"column\">\n\t\t\t<div class=\"elementor-widget-wrap elementor-element-populated\">\n\t\t\t\t\t\t<div class=\"elementor-element elementor-element-f6ecd4a aux-appear-watch-animation aux-fade-in-up-1 elementor-widget elementor-widget-text-editor\" data-id=\"f6ecd4a\" data-element_type=\"widget\" data-widget_type=\"text-editor.default\">\n\t\t\t\t<div class=\"elementor-widget-container\">\n\t\t\t<style>\/*! elementor - v3.22.0 - 17-06-2024 *\/\n.elementor-widget-text-editor.elementor-drop-cap-view-stacked .elementor-drop-cap{background-color:#69727d;color:#fff}.elementor-widget-text-editor.elementor-drop-cap-view-framed .elementor-drop-cap{color:#69727d;border:3px solid;background-color:transparent}.elementor-widget-text-editor:not(.elementor-drop-cap-view-default) .elementor-drop-cap{margin-top:8px}.elementor-widget-text-editor:not(.elementor-drop-cap-view-default) .elementor-drop-cap-letter{width:1em;height:1em}.elementor-widget-text-editor .elementor-drop-cap{float:left;text-align:center;line-height:1;font-size:50px}.elementor-widget-text-editor .elementor-drop-cap-letter{display:inline-block}<\/style>\t\t\t\t<p>1. Health card<b><\/b><\/p><p>2. Proof of residence (phone bill, hydro bill or lease)<\/p><p>3. Proof of revenue<\/p><p>4. 3$ fee<\/p><p>We can deliver to seniors, mobility reduced, sick or pregnant persons for an additional fee of 2$. \u00a0<\/p>\t\t\t\t\t\t<\/div>\n\t\t\t\t<\/div>\n\t\t\t\t\t<\/div>\n\t\t<\/div>\n\t\t\t\t\t<\/div>\n\t\t<\/section>\n\t\t\t\t\t<\/div>\n\t\t<\/div>\n\t\t\t\t\t<\/div>\n\t\t<\/section>\n\t\t\t\t<section class=\"elementor-section elementor-top-section elementor-element elementor-element-a0e8898 elementor-section-full_width elementor-section-height-default elementor-section-height-default\" data-id=\"a0e8898\" data-element_type=\"section\">\n\t\t\t\t\t\t<div class=\"elementor-container elementor-column-gap-no\">\n\t\t\t\t\t<div class=\"aux-parallax-section elementor-column elementor-col-50 elementor-top-column elementor-element elementor-element-1f6b5c7\" data-id=\"1f6b5c7\" data-element_type=\"column\">\n\t\t\t<div class=\"elementor-widget-wrap elementor-element-populated\">\n\t\t\t\t\t\t<div class=\"elementor-element elementor-element-ec9794a aux-appear-watch-animation aux-fade-in-up-1 elementor-widget elementor-widget-aux_modern_heading\" data-id=\"ec9794a\" data-element_type=\"widget\" data-widget_type=\"aux_modern_heading.default\">\n\t\t\t\t<div class=\"elementor-widget-container\">\n\t\t\t<section class=\"aux-widget-modern-heading\">\n            <div class=\"aux-widget-inner\"><p class=\"aux-modern-heading-primary\">Income Tax Clinic<\/p><div class=\"aux-modern-heading-divider\"><\/div><div class=\"aux-modern-heading-description\"><p>The price of our income tax clinic is determined by the annual income of the person wishing to use the service:\u00a0<\/p><p>\u00a0\u2013 Social assistance: $10<\/p><p>\u2013 $25,000 and less: $20<\/p><p>\u2013 $25,000 to $50,000: $30<\/p><p>\u2013 $50,000 and more: $50<\/p><p>The price is determined by individual rather than by household.<\/p><\/div><\/div>\n        <\/section>\t\t<\/div>\n\t\t\t\t<\/div>\n\t\t\t\t\t<\/div>\n\t\t<\/div>\n\t\t\t\t<div class=\"aux-parallax-section elementor-column elementor-col-50 elementor-top-column elementor-element elementor-element-b681d48\" data-id=\"b681d48\" data-element_type=\"column\">\n\t\t\t<div class=\"elementor-widget-wrap elementor-element-populated\">\n\t\t\t\t\t\t<div class=\"elementor-element elementor-element-5a512e0 elementor-widget elementor-widget-aux_image\" data-id=\"5a512e0\" data-element_type=\"widget\" data-widget_type=\"aux_image.default\">\n\t\t\t\t<div class=\"elementor-widget-container\">\n\t\t\t<section class=\"widget-container aux-widget-image aux-alignnone aux-parent-au671dfc92\">\n    <div class=\"aux-media-hint-frame\">\n        <div class=\"aux-media-image\" >\n        \n                            <div class=\"aux-ribbon-wrapper aux-cross-ribbon bottom-left\">\n                    <span>\u00abFiling Taxes \u2013 1040 Form\u00bb par Philip Taylor PT est sous licence CC BY 2.0<\/span>\n                <\/div>\n            \n\n            \n            <img decoding=\"async\" src=\"https:\/\/afriqueaufeminin.flammechesolutions.com\/wp-content\/uploads\/2024\/05\/6984657584_5eac567f39_o.png\" alt=\"6984657584_5eac567f39_o\" \/>            \n                <\/div>\n    <\/div>\n\n<\/section><!-- widget-container -->\t\t<\/div>\n\t\t\t\t<\/div>\n\t\t\t\t\t<\/div>\n\t\t<\/div>\n\t\t\t\t\t<\/div>\n\t\t<\/section>\n\t\t\t\t<\/div>","protected":false},"excerpt":{"rendered":"<p>Venez participer \u00e0 une de nos activit\u00e9s vari\u00e9es! Chacune y trouvera sa place. Veuillez vous pr\u00e9senter \u00e0 un de nos points de service pour vous inscrire \u00e0 nos activit\u00e9s ou pour devenir membre de l\u2019organisme: 7000 Avenue du Parc, bureau 106-107 (Entr\u00e9e\u00a07009,\u00a0\u00a0Hutchison, \u00e0 c\u00f4t\u00e9 du CLSC Parc-Extension) OU 419 Rue Saint-Roch, SS-20 et SS-22 Nos [&hellip;]<\/p>","protected":false},"author":1,"featured_media":0,"parent":0,"menu_order":0,"comment_status":"closed","ping_status":"closed","template":"","meta":{"_monsterinsights_skip_tracking":false,"_monsterinsights_sitenote_active":false,"_monsterinsights_sitenote_note":"","_monsterinsights_sitenote_category":0,"footnotes":""},"class_list":["post-682","page","type-page","status-publish","hentry"],"_links":{"self":[{"href":"https:\/\/afriqueaufeminin.flammechesolutions.com\/en\/wp-json\/wp\/v2\/pages\/682"}],"collection":[{"href":"https:\/\/afriqueaufeminin.flammechesolutions.com\/en\/wp-json\/wp\/v2\/pages"}],"about":[{"href":"https:\/\/afriqueaufeminin.flammechesolutions.com\/en\/wp-json\/wp\/v2\/types\/page"}],"author":[{"embeddable":true,"href":"https:\/\/afriqueaufeminin.flammechesolutions.com\/en\/wp-json\/wp\/v2\/users\/1"}],"replies":[{"embeddable":true,"href":"https:\/\/afriqueaufeminin.flammechesolutions.com\/en\/wp-json\/wp\/v2\/comments?post=682"}],"version-history":[{"count":7,"href":"https:\/\/afriqueaufeminin.flammechesolutions.com\/en\/wp-json\/wp\/v2\/pages\/682\/revisions"}],"predecessor-version":[{"id":887,"href":"https:\/\/afriqueaufeminin.flammechesolutions.com\/en\/wp-json\/wp\/v2\/pages\/682\/revisions\/887"}],"wp:attachment":[{"href":"https:\/\/afriqueaufeminin.flammechesolutions.com\/en\/wp-json\/wp\/v2\/media?parent=682"}],"curies":[{"name":"wp","href":"https:\/\/api.w.org\/{rel}","templated":true}]}}