{"id":650,"date":"2024-05-21T16:54:39","date_gmt":"2024-05-21T16:54:39","guid":{"rendered":"https:\/\/afriqueaufeminin.flammechesolutions.com\/?page_id=650"},"modified":"2024-05-21T17:10:14","modified_gmt":"2024-05-21T17:10:14","slug":"faire-du-benevolat","status":"publish","type":"page","link":"https:\/\/afriqueaufeminin.flammechesolutions.com\/en\/faire-du-benevolat\/","title":{"rendered":"BECOME A VOLUNTEER"},"content":{"rendered":"<div data-elementor-type=\"wp-page\" data-elementor-id=\"650\" class=\"elementor elementor-650\" data-elementor-post-type=\"page\">\n\t\t\t\t\t\t<section class=\"elementor-section elementor-top-section elementor-element elementor-element-b5b9bb3 elementor-section-boxed elementor-section-height-default elementor-section-height-default\" data-id=\"b5b9bb3\" data-element_type=\"section\">\n\t\t\t\t\t\t<div class=\"elementor-container elementor-column-gap-default\">\n\t\t\t\t\t<div class=\"aux-parallax-section elementor-column elementor-col-100 elementor-top-column elementor-element elementor-element-6b8ae4b\" data-id=\"6b8ae4b\" data-element_type=\"column\">\n\t\t\t<div class=\"elementor-widget-wrap elementor-element-populated\">\n\t\t\t\t\t\t<div class=\"elementor-element elementor-element-fa00412 elementor-widget elementor-widget-wpforms\" data-id=\"fa00412\" data-element_type=\"widget\" data-widget_type=\"wpforms.default\">\n\t\t\t\t<div class=\"elementor-widget-container\">\n\t\t\t<style id=\"wpforms-css-vars-root\">\n\t\t\t\t:root {\n\t\t\t\t\t--wpforms-field-border-radius: 3px;\n--wpforms-field-border-style: solid;\n--wpforms-field-border-size: 1px;\n--wpforms-field-background-color: #ffffff;\n--wpforms-field-border-color: rgba( 0, 0, 0, 0.25 );\n--wpforms-field-border-color-spare: rgba( 0, 0, 0, 0.25 );\n--wpforms-field-text-color: rgba( 0, 0, 0, 0.7 );\n--wpforms-field-menu-color: #ffffff;\n--wpforms-label-color: rgba( 0, 0, 0, 0.85 );\n--wpforms-label-sublabel-color: rgba( 0, 0, 0, 0.55 );\n--wpforms-label-error-color: #d63637;\n--wpforms-button-border-radius: 3px;\n--wpforms-button-border-style: none;\n--wpforms-button-border-size: 1px;\n--wpforms-button-background-color: #066aab;\n--wpforms-button-border-color: #066aab;\n--wpforms-button-text-color: #ffffff;\n--wpforms-page-break-color: #066aab;\n--wpforms-background-image: none;\n--wpforms-background-position: center center;\n--wpforms-background-repeat: no-repeat;\n--wpforms-background-size: cover;\n--wpforms-background-width: 100px;\n--wpforms-background-height: 100px;\n--wpforms-background-color: rgba( 0, 0, 0, 0 );\n--wpforms-background-url: none;\n--wpforms-container-padding: 0px;\n--wpforms-container-border-style: none;\n--wpforms-container-border-width: 1px;\n--wpforms-container-border-color: #000000;\n--wpforms-container-border-radius: 3px;\n--wpforms-field-size-input-height: 43px;\n--wpforms-field-size-input-spacing: 15px;\n--wpforms-field-size-font-size: 16px;\n--wpforms-field-size-line-height: 19px;\n--wpforms-field-size-padding-h: 14px;\n--wpforms-field-size-checkbox-size: 16px;\n--wpforms-field-size-sublabel-spacing: 5px;\n--wpforms-field-size-icon-size: 1;\n--wpforms-label-size-font-size: 16px;\n--wpforms-label-size-line-height: 19px;\n--wpforms-label-size-sublabel-font-size: 14px;\n--wpforms-label-size-sublabel-line-height: 17px;\n--wpforms-button-size-font-size: 17px;\n--wpforms-button-size-height: 41px;\n--wpforms-button-size-padding-h: 15px;\n--wpforms-button-size-margin-top: 10px;\n--wpforms-container-shadow-size-box-shadow: none;\n\n\t\t\t\t}\n\t\t\t<\/style><style id=\"wpforms-css-vars-elementor-widget-fa00412\">\n\t\t\t\t.elementor-widget-wpforms.elementor-element-fa00412 {\n\t\t\t\t\t--wpforms-field-size-input-height: 43px;\n--wpforms-field-size-input-spacing: 15px;\n--wpforms-field-size-font-size: 16px;\n--wpforms-field-size-line-height: 19px;\n--wpforms-field-size-padding-h: 14px;\n--wpforms-field-size-checkbox-size: 16px;\n--wpforms-field-size-sublabel-spacing: 5px;\n--wpforms-field-size-icon-size: 1;\n--wpforms-label-size-font-size: 16px;\n--wpforms-label-size-line-height: 19px;\n--wpforms-label-size-sublabel-font-size: 14px;\n--wpforms-label-size-sublabel-line-height: 17px;\n--wpforms-button-size-font-size: 17px;\n--wpforms-button-size-height: 41px;\n--wpforms-button-size-padding-h: 15px;\n--wpforms-button-size-margin-top: 10px;\n\n\t\t\t\t}\n\t\t\t<\/style><div class=\"wpforms-container wpforms-container-full wpforms-render-modern\" id=\"wpforms-653\"><form id=\"wpforms-form-653\" class=\"wpforms-validate wpforms-form wpforms-ajax-form\" data-formid=\"653\" method=\"post\" enctype=\"multipart\/form-data\" action=\"\/en\/wp-json\/wp\/v2\/pages\/650\" data-token=\"16af271f237aba6a19f18358afa2a1e6\" data-token-time=\"1776425939\" data-trp-original-action=\"\/en\/wp-json\/wp\/v2\/pages\/650\"><noscript class=\"wpforms-error-noscript\">Please enable JavaScript in your browser to complete this form.<\/noscript><div class=\"wpforms-hidden\" id=\"wpforms-error-noscript\">Please enable JavaScript in your browser to complete this form.<\/div><div class=\"wpforms-field-container\"><div id=\"wpforms-653-field_0-container\" class=\"wpforms-field wpforms-field-name\" data-field-id=\"0\"><fieldset><legend class=\"wpforms-field-label\">Name <span class=\"wpforms-required-label\" aria-hidden=\"true\">*<\/span><\/legend><div class=\"wpforms-field-row wpforms-field-medium\"><div class=\"wpforms-field-row-block wpforms-first wpforms-one-half\"><input type=\"text\" id=\"wpforms-653-field_0\" class=\"wpforms-field-name-first wpforms-field-required\" name=\"wpforms[fields][0][first]\" aria-errormessage=\"wpforms-653-field_0-error\" required><label for=\"wpforms-653-field_0\" class=\"wpforms-field-sublabel after\">First<\/label><\/div><div class=\"wpforms-field-row-block wpforms-one-half\"><input type=\"text\" id=\"wpforms-653-field_0-last\" class=\"wpforms-field-name-last wpforms-field-required\" name=\"wpforms[fields][0][last]\" aria-errormessage=\"wpforms-653-field_0-last-error\" required><label for=\"wpforms-653-field_0-last\" class=\"wpforms-field-sublabel after\">Last<\/label><\/div><\/div><\/fieldset><\/div><div id=\"wpforms-653-field_8-container\" class=\"wpforms-field wpforms-field-number\" data-field-id=\"8\"><label class=\"wpforms-field-label\" for=\"wpforms-653-field_8\">Phone number <span class=\"wpforms-required-label\" aria-hidden=\"true\">*<\/span><\/label><input type=\"number\" id=\"wpforms-653-field_8\" class=\"wpforms-field-medium wpforms-field-required\" name=\"wpforms[fields][8]\" aria-errormessage=\"wpforms-653-field_8-error\" required><\/div><div id=\"wpforms-653-field_3-container\" class=\"wpforms-field wpforms-field-number\" data-field-id=\"3\"><label class=\"wpforms-field-label\" for=\"wpforms-653-field_3\">Total number of volunteer hours <span class=\"wpforms-required-label\" aria-hidden=\"true\">*<\/span><\/label><input type=\"number\" id=\"wpforms-653-field_3\" class=\"wpforms-field-medium wpforms-field-required\" name=\"wpforms[fields][3]\" aria-errormessage=\"wpforms-653-field_3-error\" required><\/div><div id=\"wpforms-653-field_9-container\" class=\"wpforms-field wpforms-field-number\" data-field-id=\"9\"><label class=\"wpforms-field-label\" for=\"wpforms-653-field_9\">T\u00e9l\u00e9phone Cellulaire <span class=\"wpforms-required-label\" aria-hidden=\"true\">*<\/span><\/label><input type=\"number\" id=\"wpforms-653-field_9\" class=\"wpforms-field-medium wpforms-field-required\" name=\"wpforms[fields][9]\" aria-errormessage=\"wpforms-653-field_9-error\" required><\/div><div id=\"wpforms-653-field_10-container\" class=\"wpforms-field wpforms-field-email\" data-field-id=\"10\"><label class=\"wpforms-field-label\" for=\"wpforms-653-field_10\">Email <span class=\"wpforms-required-label\" aria-hidden=\"true\">*<\/span><\/label><input type=\"email\" id=\"wpforms-653-field_10\" class=\"wpforms-field-medium wpforms-field-required\" name=\"wpforms[fields][10]\" spellcheck=\"false\" aria-errormessage=\"wpforms-653-field_10-error\" required><\/div><div id=\"wpforms-653-field_13-container\" class=\"wpforms-field wpforms-field-number\" data-field-id=\"13\"><label class=\"wpforms-field-label\" for=\"wpforms-653-field_13\">Date de Naissance <span class=\"wpforms-required-label\" aria-hidden=\"true\">*<\/span><\/label><input type=\"number\" id=\"wpforms-653-field_13\" class=\"wpforms-field-medium wpforms-field-required\" name=\"wpforms[fields][13]\" aria-errormessage=\"wpforms-653-field_13-error\" required><\/div><div id=\"wpforms-653-field_7-container\" class=\"wpforms-field wpforms-field-checkbox\" data-field-id=\"7\"><fieldset><legend class=\"wpforms-field-label\">Langues parl\u00e9e <span class=\"wpforms-required-label\" aria-hidden=\"true\">*<\/span><\/legend><ul id=\"wpforms-653-field_7\" class=\"wpforms-field-required\"><li class=\"choice-1 depth-1\"><input type=\"checkbox\" id=\"wpforms-653-field_7_1\" name=\"wpforms[fields][7][]\" value=\"Fran\u00e7ais\" aria-errormessage=\"wpforms-653-field_7_1-error\" required><label class=\"wpforms-field-label-inline\" for=\"wpforms-653-field_7_1\">Fran\u00e7ais<\/label><\/li><li class=\"choice-2 depth-1\"><input type=\"checkbox\" id=\"wpforms-653-field_7_2\" name=\"wpforms[fields][7][]\" value=\"Anglais\" aria-errormessage=\"wpforms-653-field_7_2-error\" required><label class=\"wpforms-field-label-inline\" for=\"wpforms-653-field_7_2\">Anglais<\/label><\/li><li class=\"choice-3 depth-1\"><input type=\"checkbox\" id=\"wpforms-653-field_7_3\" name=\"wpforms[fields][7][]\" value=\"Autres\" aria-errormessage=\"wpforms-653-field_7_3-error\" required><label class=\"wpforms-field-label-inline\" for=\"wpforms-653-field_7_3\">Autres<\/label><\/li><\/ul><\/fieldset><\/div><div id=\"wpforms-653-field_15-container\" class=\"wpforms-field wpforms-field-text\" data-field-id=\"15\"><label class=\"wpforms-field-label\" for=\"wpforms-653-field_15\">Pr\u00e9ciser <span class=\"wpforms-required-label\" aria-hidden=\"true\">*<\/span><\/label><input type=\"text\" id=\"wpforms-653-field_15\" class=\"wpforms-field-medium wpforms-field-required\" name=\"wpforms[fields][15]\" aria-errormessage=\"wpforms-653-field_15-error\" required><\/div><div id=\"wpforms-653-field_16-container\" class=\"wpforms-field wpforms-field-textarea\" data-field-id=\"16\"><label class=\"wpforms-field-label\" for=\"wpforms-653-field_16\">Exp\u00e9riences de Travail <span class=\"wpforms-required-label\" aria-hidden=\"true\">*<\/span><\/label><textarea id=\"wpforms-653-field_16\" class=\"wpforms-field-medium wpforms-field-required\" name=\"wpforms[fields][16]\" aria-errormessage=\"wpforms-653-field_16-error\" required><\/textarea><\/div><div id=\"wpforms-653-field_17-container\" class=\"wpforms-field wpforms-field-textarea\" data-field-id=\"17\"><label class=\"wpforms-field-label\" for=\"wpforms-653-field_17\">Exp\u00e9riences de B\u00e9n\u00e9volat <span class=\"wpforms-required-label\" aria-hidden=\"true\">*<\/span><\/label><textarea id=\"wpforms-653-field_17\" class=\"wpforms-field-medium wpforms-field-required\" name=\"wpforms[fields][17]\" aria-errormessage=\"wpforms-653-field_17-error\" required><\/textarea><\/div><div id=\"wpforms-653-field_18-container\" class=\"wpforms-field wpforms-field-checkbox\" data-field-id=\"18\"><fieldset><legend class=\"wpforms-field-label\">Faites-vous du b\u00e9n\u00e9volat actuellement? <span class=\"wpforms-required-label\" aria-hidden=\"true\">*<\/span><\/legend><ul id=\"wpforms-653-field_18\" class=\"wpforms-field-required\"><li class=\"choice-1 depth-1\"><input type=\"checkbox\" id=\"wpforms-653-field_18_1\" name=\"wpforms[fields][18][]\" value=\"Oui\" aria-errormessage=\"wpforms-653-field_18_1-error\" required><label class=\"wpforms-field-label-inline\" for=\"wpforms-653-field_18_1\">Oui<\/label><\/li><li class=\"choice-2 depth-1\"><input type=\"checkbox\" id=\"wpforms-653-field_18_2\" name=\"wpforms[fields][18][]\" value=\"Non\" aria-errormessage=\"wpforms-653-field_18_2-error\" required><label class=\"wpforms-field-label-inline\" for=\"wpforms-653-field_18_2\">Non<\/label><\/li><\/ul><\/fieldset><\/div><div id=\"wpforms-653-field_19-container\" class=\"wpforms-field wpforms-field-textarea\" data-field-id=\"19\"><label class=\"wpforms-field-label\" for=\"wpforms-653-field_19\">Pourqoui d\u00e9sirez-vous faire du b\u00e9n\u00e9volat chez Afrique F\u00e9minin? <span class=\"wpforms-required-label\" aria-hidden=\"true\">*<\/span><\/label><textarea id=\"wpforms-653-field_19\" class=\"wpforms-field-medium wpforms-field-required\" name=\"wpforms[fields][19]\" aria-errormessage=\"wpforms-653-field_19-error\" required><\/textarea><\/div><div id=\"wpforms-653-field_20-container\" class=\"wpforms-field wpforms-field-checkbox\" data-field-id=\"20\"><fieldset><legend class=\"wpforms-field-label\">Comment avez-vous entendu parler d&#039;Afrique au F\u00e9minin? <span class=\"wpforms-required-label\" aria-hidden=\"true\">*<\/span><\/legend><ul id=\"wpforms-653-field_20\" class=\"wpforms-field-required\"><li class=\"choice-1 depth-1\"><input type=\"checkbox\" id=\"wpforms-653-field_20_1\" name=\"wpforms[fields][20][]\" value=\"Famille\" aria-errormessage=\"wpforms-653-field_20_1-error\" required><label class=\"wpforms-field-label-inline\" for=\"wpforms-653-field_20_1\">Famille<\/label><\/li><li class=\"choice-2 depth-1\"><input type=\"checkbox\" id=\"wpforms-653-field_20_2\" name=\"wpforms[fields][20][]\" value=\"Ami\" aria-errormessage=\"wpforms-653-field_20_2-error\" required><label class=\"wpforms-field-label-inline\" for=\"wpforms-653-field_20_2\">Ami<\/label><\/li><li class=\"choice-3 depth-1\"><input type=\"checkbox\" id=\"wpforms-653-field_20_3\" name=\"wpforms[fields][20][]\" value=\"Organisme\" aria-errormessage=\"wpforms-653-field_20_3-error\" required><label class=\"wpforms-field-label-inline\" for=\"wpforms-653-field_20_3\">Organisme<\/label><\/li><li class=\"choice-4 depth-1\"><input type=\"checkbox\" id=\"wpforms-653-field_20_4\" name=\"wpforms[fields][20][]\" value=\"Autres\" aria-errormessage=\"wpforms-653-field_20_4-error\" required><label class=\"wpforms-field-label-inline\" for=\"wpforms-653-field_20_4\">Autres<\/label><\/li><\/ul><\/fieldset><\/div><div id=\"wpforms-653-field_21-container\" class=\"wpforms-field wpforms-field-checkbox\" data-field-id=\"21\"><fieldset><legend class=\"wpforms-field-label\">Quelles sont vos disponibilit\u00e9s pour b\u00e9n\u00e9volat? <span class=\"wpforms-required-label\" aria-hidden=\"true\">*<\/span><\/legend><ul id=\"wpforms-653-field_21\" class=\"wpforms-field-required\"><li class=\"choice-1 depth-1\"><input type=\"checkbox\" id=\"wpforms-653-field_21_1\" name=\"wpforms[fields][21][]\" value=\"Lundi AM\" aria-errormessage=\"wpforms-653-field_21_1-error\" required><label class=\"wpforms-field-label-inline\" for=\"wpforms-653-field_21_1\">Lundi AM<\/label><\/li><li class=\"choice-2 depth-1\"><input type=\"checkbox\" id=\"wpforms-653-field_21_2\" name=\"wpforms[fields][21][]\" value=\"Lundi PM\" aria-errormessage=\"wpforms-653-field_21_2-error\" required><label class=\"wpforms-field-label-inline\" for=\"wpforms-653-field_21_2\">Lundi PM<\/label><\/li><li class=\"choice-3 depth-1\"><input type=\"checkbox\" id=\"wpforms-653-field_21_3\" name=\"wpforms[fields][21][]\" value=\"Mardi AM\" aria-errormessage=\"wpforms-653-field_21_3-error\" required><label class=\"wpforms-field-label-inline\" for=\"wpforms-653-field_21_3\">Mardi AM<\/label><\/li><li class=\"choice-4 depth-1\"><input type=\"checkbox\" id=\"wpforms-653-field_21_4\" name=\"wpforms[fields][21][]\" value=\"Mardi PM\" aria-errormessage=\"wpforms-653-field_21_4-error\" required><label class=\"wpforms-field-label-inline\" for=\"wpforms-653-field_21_4\">Mardi PM<\/label><\/li><li class=\"choice-5 depth-1\"><input type=\"checkbox\" id=\"wpforms-653-field_21_5\" name=\"wpforms[fields][21][]\" value=\"Mercredi AM\" aria-errormessage=\"wpforms-653-field_21_5-error\" required><label class=\"wpforms-field-label-inline\" for=\"wpforms-653-field_21_5\">Mercredi AM<\/label><\/li><li class=\"choice-6 depth-1\"><input type=\"checkbox\" id=\"wpforms-653-field_21_6\" name=\"wpforms[fields][21][]\" value=\"Mercredi PM\" aria-errormessage=\"wpforms-653-field_21_6-error\" required><label class=\"wpforms-field-label-inline\" for=\"wpforms-653-field_21_6\">Mercredi PM<\/label><\/li><li class=\"choice-7 depth-1\"><input type=\"checkbox\" id=\"wpforms-653-field_21_7\" name=\"wpforms[fields][21][]\" value=\"Jeudi AM\" aria-errormessage=\"wpforms-653-field_21_7-error\" required><label class=\"wpforms-field-label-inline\" for=\"wpforms-653-field_21_7\">Jeudi AM<\/label><\/li><li class=\"choice-8 depth-1\"><input type=\"checkbox\" id=\"wpforms-653-field_21_8\" name=\"wpforms[fields][21][]\" value=\"Jeudi PM\" aria-errormessage=\"wpforms-653-field_21_8-error\" required><label class=\"wpforms-field-label-inline\" for=\"wpforms-653-field_21_8\">Jeudi PM<\/label><\/li><li class=\"choice-9 depth-1\"><input type=\"checkbox\" id=\"wpforms-653-field_21_9\" name=\"wpforms[fields][21][]\" value=\"Vendredi AM\" aria-errormessage=\"wpforms-653-field_21_9-error\" required><label class=\"wpforms-field-label-inline\" for=\"wpforms-653-field_21_9\">Vendredi AM<\/label><\/li><li class=\"choice-10 depth-1\"><input type=\"checkbox\" id=\"wpforms-653-field_21_10\" name=\"wpforms[fields][21][]\" value=\"Vendredi PM\" aria-errormessage=\"wpforms-653-field_21_10-error\" required><label class=\"wpforms-field-label-inline\" for=\"wpforms-653-field_21_10\">Vendredi PM<\/label><\/li><\/ul><\/fieldset><\/div><div id=\"wpforms-653-field_22-container\" class=\"wpforms-field wpforms-field-checkbox\" data-field-id=\"22\"><fieldset><legend class=\"wpforms-field-label\">Combien de temps allez-vous \u00eatre engag\u00e9(e)? <span class=\"wpforms-required-label\" aria-hidden=\"true\">*<\/span><\/legend><ul id=\"wpforms-653-field_22\" class=\"wpforms-field-required\"><li class=\"choice-1 depth-1\"><input type=\"checkbox\" id=\"wpforms-653-field_22_1\" name=\"wpforms[fields][22][]\" value=\"2 mois\" aria-errormessage=\"wpforms-653-field_22_1-error\" required><label class=\"wpforms-field-label-inline\" for=\"wpforms-653-field_22_1\">2 mois<\/label><\/li><li class=\"choice-2 depth-1\"><input type=\"checkbox\" id=\"wpforms-653-field_22_2\" name=\"wpforms[fields][22][]\" value=\"4 mois\" aria-errormessage=\"wpforms-653-field_22_2-error\" required><label class=\"wpforms-field-label-inline\" for=\"wpforms-653-field_22_2\">4 mois<\/label><\/li><li class=\"choice-3 depth-1\"><input type=\"checkbox\" id=\"wpforms-653-field_22_3\" name=\"wpforms[fields][22][]\" value=\"6 mois\" aria-errormessage=\"wpforms-653-field_22_3-error\" required><label class=\"wpforms-field-label-inline\" for=\"wpforms-653-field_22_3\">6 mois<\/label><\/li><li class=\"choice-4 depth-1\"><input type=\"checkbox\" id=\"wpforms-653-field_22_4\" name=\"wpforms[fields][22][]\" value=\"1 an\" aria-errormessage=\"wpforms-653-field_22_4-error\" required><label class=\"wpforms-field-label-inline\" for=\"wpforms-653-field_22_4\">1 an<\/label><\/li><li class=\"choice-5 depth-1\"><input type=\"checkbox\" id=\"wpforms-653-field_22_5\" name=\"wpforms[fields][22][]\" value=\"Plus que 1 an\" aria-errormessage=\"wpforms-653-field_22_5-error\" required><label class=\"wpforms-field-label-inline\" for=\"wpforms-653-field_22_5\">Plus que 1 an<\/label><\/li><\/ul><\/fieldset><\/div><div id=\"wpforms-653-field_23-container\" class=\"wpforms-field wpforms-field-textarea\" data-field-id=\"23\"><label class=\"wpforms-field-label\" for=\"wpforms-653-field_23\">Loisers, centre d&#039;int\u00e9r\u00eat, talents? <span class=\"wpforms-required-label\" aria-hidden=\"true\">*<\/span><\/label><textarea id=\"wpforms-653-field_23\" class=\"wpforms-field-medium wpforms-field-required\" name=\"wpforms[fields][23]\" aria-errormessage=\"wpforms-653-field_23-error\" required><\/textarea><\/div><div id=\"wpforms-653-field_24-container\" class=\"wpforms-field wpforms-field-checkbox\" data-field-id=\"24\"><fieldset><legend class=\"wpforms-field-label\">Types de b\u00e9n\u00e9volat possible :<\/legend><ul id=\"wpforms-653-field_24\"><li class=\"choice-1 depth-1\"><input type=\"checkbox\" id=\"wpforms-653-field_24_1\" name=\"wpforms[fields][24][]\" value=\"Administration\" aria-errormessage=\"wpforms-653-field_24_1-error\"  ><label class=\"wpforms-field-label-inline\" for=\"wpforms-653-field_24_1\">Administration<\/label><\/li><li class=\"choice-2 depth-1\"><input type=\"checkbox\" id=\"wpforms-653-field_24_2\" name=\"wpforms[fields][24][]\" value=\"Accueil et s\u00e9cretariat\" aria-errormessage=\"wpforms-653-field_24_2-error\"  ><label class=\"wpforms-field-label-inline\" for=\"wpforms-653-field_24_2\">Accueil et s\u00e9cretariat<\/label><\/li><li class=\"choice-3 depth-1\"><input type=\"checkbox\" id=\"wpforms-653-field_24_3\" name=\"wpforms[fields][24][]\" value=\"Communication\" aria-errormessage=\"wpforms-653-field_24_3-error\"  ><label class=\"wpforms-field-label-inline\" for=\"wpforms-653-field_24_3\">Communication<\/label><\/li><li class=\"choice-4 depth-1\"><input type=\"checkbox\" id=\"wpforms-653-field_24_4\" name=\"wpforms[fields][24][]\" value=\"Halte-Garderie\" aria-errormessage=\"wpforms-653-field_24_4-error\"  ><label class=\"wpforms-field-label-inline\" for=\"wpforms-653-field_24_4\">Halte-Garderie<\/label><\/li><li class=\"choice-5 depth-1\"><input type=\"checkbox\" id=\"wpforms-653-field_24_5\" name=\"wpforms[fields][24][]\" value=\"Intervention sociale\" aria-errormessage=\"wpforms-653-field_24_5-error\"  ><label class=\"wpforms-field-label-inline\" for=\"wpforms-653-field_24_5\">Intervention sociale<\/label><\/li><li class=\"choice-6 depth-1\"><input type=\"checkbox\" id=\"wpforms-653-field_24_6\" name=\"wpforms[fields][24][]\" value=\"Informatique\" aria-errormessage=\"wpforms-653-field_24_6-error\"  ><label class=\"wpforms-field-label-inline\" for=\"wpforms-653-field_24_6\">Informatique<\/label><\/li><li class=\"choice-7 depth-1\"><input type=\"checkbox\" id=\"wpforms-653-field_24_7\" name=\"wpforms[fields][24][]\" value=\"D\u00e9pannage alimentaire\" aria-errormessage=\"wpforms-653-field_24_7-error\"  ><label class=\"wpforms-field-label-inline\" for=\"wpforms-653-field_24_7\">Food Bank<\/label><\/li><\/ul><\/fieldset><\/div><\/div><!-- .wpforms-field-container --><div class=\"wpforms-submit-container\" ><input type=\"hidden\" name=\"wpforms[id]\" value=\"653\"><input type=\"hidden\" name=\"page_title\" value=\"\"><input type=\"hidden\" name=\"page_url\" value=\"https:\/\/afriqueaufeminin.flammechesolutions.com\/en\/wp-json\/wp\/v2\/pages\/650\"><button type=\"submit\" name=\"wpforms[submit]\" id=\"wpforms-submit-653\" class=\"wpforms-submit\" data-alt-text=\"Sending...\" data-submit-text=\"ENVOYER\" aria-live=\"assertive\" value=\"wpforms-submit\">ENVOYER<\/button><img decoding=\"async\" src=\"https:\/\/afriqueaufeminin.flammechesolutions.com\/wp-content\/plugins\/wpforms-lite\/assets\/images\/submit-spin.svg\" class=\"wpforms-submit-spinner\" style=\"display: none;\" width=\"26\" height=\"26\" alt=\"Loading\"><\/div><input type=\"hidden\" name=\"trp-form-language\" value=\"en\"\/><\/form><\/div>  <!-- .wpforms-container -->\t\t<\/div>\n\t\t\t\t<\/div>\n\t\t\t\t\t<\/div>\n\t\t<\/div>\n\t\t\t\t\t<\/div>\n\t\t<\/section>\n\t\t\t\t<\/div>","protected":false},"excerpt":{"rendered":"<p>Please enable JavaScript in your browser to complete this form.Please enable JavaScript in your browser to complete this form. Nom * FirstLast Email *Community service activities *Please list the date, activity, and total number of hours. Each new record goes on a new line.Please list a project contact and phone number or email address for [&hellip;]<\/p>","protected":false},"author":1,"featured_media":0,"parent":0,"menu_order":0,"comment_status":"closed","ping_status":"closed","template":"","meta":{"_monsterinsights_skip_tracking":false,"_monsterinsights_sitenote_active":false,"_monsterinsights_sitenote_note":"","_monsterinsights_sitenote_category":0,"footnotes":""},"class_list":["post-650","page","type-page","status-publish","hentry"],"_links":{"self":[{"href":"https:\/\/afriqueaufeminin.flammechesolutions.com\/en\/wp-json\/wp\/v2\/pages\/650"}],"collection":[{"href":"https:\/\/afriqueaufeminin.flammechesolutions.com\/en\/wp-json\/wp\/v2\/pages"}],"about":[{"href":"https:\/\/afriqueaufeminin.flammechesolutions.com\/en\/wp-json\/wp\/v2\/types\/page"}],"author":[{"embeddable":true,"href":"https:\/\/afriqueaufeminin.flammechesolutions.com\/en\/wp-json\/wp\/v2\/users\/1"}],"replies":[{"embeddable":true,"href":"https:\/\/afriqueaufeminin.flammechesolutions.com\/en\/wp-json\/wp\/v2\/comments?post=650"}],"version-history":[{"count":4,"href":"https:\/\/afriqueaufeminin.flammechesolutions.com\/en\/wp-json\/wp\/v2\/pages\/650\/revisions"}],"predecessor-version":[{"id":658,"href":"https:\/\/afriqueaufeminin.flammechesolutions.com\/en\/wp-json\/wp\/v2\/pages\/650\/revisions\/658"}],"wp:attachment":[{"href":"https:\/\/afriqueaufeminin.flammechesolutions.com\/en\/wp-json\/wp\/v2\/media?parent=650"}],"curies":[{"name":"wp","href":"https:\/\/api.w.org\/{rel}","templated":true}]}}