{"id":479,"date":"2024-05-17T22:55:43","date_gmt":"2024-05-17T22:55:43","guid":{"rendered":"https:\/\/afriqueaufeminin.flammechesolutions.com\/?page_id=479"},"modified":"2024-06-05T14:38:46","modified_gmt":"2024-06-05T14:38:46","slug":"nos-partenaires","status":"publish","type":"page","link":"https:\/\/afriqueaufeminin.flammechesolutions.com\/en\/nos-partenaires\/","title":{"rendered":"OUR PARTNERS"},"content":{"rendered":"<div data-elementor-type=\"wp-page\" data-elementor-id=\"479\" class=\"elementor elementor-479\" data-elementor-post-type=\"page\">\n\t\t\t\t\t\t<section class=\"elementor-section elementor-top-section elementor-element elementor-element-4bc7160 elementor-section-full_width elementor-section-height-default elementor-section-height-default\" data-id=\"4bc7160\" data-element_type=\"section\">\n\t\t\t\t\t\t<div class=\"elementor-container elementor-column-gap-no\">\n\t\t\t\t\t<div class=\"aux-parallax-section elementor-column elementor-col-100 elementor-top-column elementor-element elementor-element-bcf9743\" data-id=\"bcf9743\" data-element_type=\"column\">\n\t\t\t<div class=\"elementor-widget-wrap elementor-element-populated\">\n\t\t\t\t\t\t<div class=\"elementor-element elementor-element-092263f aux-appear-watch-animation aux-slide-from-bot elementor-widget-mobile__width-initial elementor-widget elementor-widget-aux_modern_heading\" data-id=\"092263f\" data-element_type=\"widget\" data-widget_type=\"aux_modern_heading.default\">\n\t\t\t\t<div class=\"elementor-widget-container\">\n\t\t\t<section class=\"aux-widget-modern-heading\">\n            <div class=\"aux-widget-inner\"><p class=\"aux-modern-heading-primary\">Meet our Partners<\/p><h4 class=\"aux-modern-heading-secondary\"><span class=\"aux-head-before\">We are extremely grateful for our partners, without whom our work would not be possible.<\/span><\/h4><div class=\"aux-modern-heading-divider\"><\/div><\/div>\n        <\/section>\t\t<\/div>\n\t\t\t\t<\/div>\n\t\t\t\t<div class=\"aux-scroll-anim elementor-element elementor-element-69fa53b elementor-widget__width-initial elementor-widget-mobile__width-initial elementor-widget elementor-widget-aux_simple_svg\" data-move-in=\"moveHorizontal\" data-move-out=\"moveHorizontal\" data-axis-x=\"60\" data-axis-y=\"200\" data-rotate=\"90\" data-scale=\"1\" data-vp-top=\"0.5\" data-vp-bot=\"0.5\" data-el-top=\"0.2\" data-scroll-animation-off=\"1024\" data-id=\"69fa53b\" data-element_type=\"widget\" data-widget_type=\"aux_simple_svg.default\">\n\t\t\t\t<div class=\"elementor-widget-container\">\n\t\t\t    <div class=\"aux-widget-container aux-simple-svg-container\">\n        <div class=\"aux-widget-container-inner\">\n            <div class=\"aux-the-svg\"><img decoding=\"async\" src=\"https:\/\/afriqueaufeminin.flammechesolutions.com\/wp-content\/uploads\/2022\/02\/Path_1607.png\" title=\"demo-attachment-2994-Path_1607\" alt=\"demo-attachment-2994-Path_1607\" loading=\"lazy\" \/><\/div>\n        <\/div>\n    <\/div>\n    \t\t<\/div>\n\t\t\t\t<\/div>\n\t\t\t\t\t<\/div>\n\t\t<\/div>\n\t\t\t\t\t<\/div>\n\t\t<\/section>\n\t\t\t\t<section class=\"elementor-section elementor-top-section elementor-element elementor-element-a0a8465 elementor-section-boxed elementor-section-height-default elementor-section-height-default\" data-id=\"a0a8465\" data-element_type=\"section\">\n\t\t\t\t\t\t<div class=\"elementor-container elementor-column-gap-default\">\n\t\t\t\t\t<div class=\"aux-parallax-section elementor-column elementor-col-25 elementor-top-column elementor-element elementor-element-bfbba90\" data-id=\"bfbba90\" data-element_type=\"column\">\n\t\t\t<div class=\"elementor-widget-wrap elementor-element-populated\">\n\t\t\t\t\t\t<div class=\"elementor-element elementor-element-c2abff3 elementor-widget elementor-widget-theme-post-featured-image elementor-widget-image\" data-id=\"c2abff3\" data-element_type=\"widget\" data-widget_type=\"theme-post-featured-image.default\">\n\t\t\t\t<div class=\"elementor-widget-container\">\n\t\t\t<style>\/*! elementor - v3.22.0 - 17-06-2024 *\/\n.elementor-widget-image{text-align:center}.elementor-widget-image a{display:inline-block}.elementor-widget-image a img[src$=\".svg\"]{width:48px}.elementor-widget-image img{vertical-align:middle;display:inline-block}<\/style>\t\t\t\t\t\t\t<figure class=\"wp-caption\">\n\t\t\t\t\t\t\t\t\t\t\t<a href=\"https:\/\/montreal.ca\/\">\n\t\t\t\t\t\t\t<img fetchpriority=\"high\" decoding=\"async\" width=\"500\" height=\"500\" src=\"https:\/\/afriqueaufeminin.flammechesolutions.com\/wp-content\/uploads\/2024\/05\/Untitled-design-9-1.png\" class=\"attachment-full size-full wp-image-911\" alt=\"\" srcset=\"https:\/\/afriqueaufeminin.flammechesolutions.com\/wp-content\/uploads\/2024\/05\/Untitled-design-9-1.png 500w, https:\/\/afriqueaufeminin.flammechesolutions.com\/wp-content\/uploads\/2024\/05\/Untitled-design-9-1-300x300.png 300w, https:\/\/afriqueaufeminin.flammechesolutions.com\/wp-content\/uploads\/2024\/05\/Untitled-design-9-1-150x150.png 150w, https:\/\/afriqueaufeminin.flammechesolutions.com\/wp-content\/uploads\/2024\/05\/Untitled-design-9-1-12x12.png 12w, https:\/\/afriqueaufeminin.flammechesolutions.com\/wp-content\/uploads\/2024\/05\/Untitled-design-9-1-200x200.png 200w\" sizes=\"(max-width: 500px) 100vw, 500px\" \/>\t\t\t\t\t\t\t\t<\/a>\n\t\t\t\t\t\t\t\t\t\t\t<figcaption class=\"widget-image-caption wp-caption-text\">La Ville de Montr\u00e9al<\/figcaption>\n\t\t\t\t\t\t\t\t\t\t<\/figure>\n\t\t\t\t\t\t\t<\/div>\n\t\t\t\t<\/div>\n\t\t\t\t\t<\/div>\n\t\t<\/div>\n\t\t\t\t<div class=\"aux-parallax-section elementor-column elementor-col-25 elementor-top-column elementor-element elementor-element-6b6cb03\" data-id=\"6b6cb03\" data-element_type=\"column\">\n\t\t\t<div class=\"elementor-widget-wrap elementor-element-populated\">\n\t\t\t\t\t\t<div class=\"elementor-element elementor-element-969ae1e elementor-widget elementor-widget-theme-post-featured-image elementor-widget-image\" data-id=\"969ae1e\" data-element_type=\"widget\" data-widget_type=\"theme-post-featured-image.default\">\n\t\t\t\t<div class=\"elementor-widget-container\">\n\t\t\t\t\t\t\t\t\t\t<figure class=\"wp-caption\">\n\t\t\t\t\t\t\t\t\t\t\t<a href=\"https:\/\/www.msss.gouv.qc.ca\/\">\n\t\t\t\t\t\t\t<img decoding=\"async\" width=\"500\" height=\"500\" src=\"https:\/\/afriqueaufeminin.flammechesolutions.com\/wp-content\/uploads\/2024\/05\/Untitled-design-8-1.png\" class=\"attachment-full size-full wp-image-915\" alt=\"\" srcset=\"https:\/\/afriqueaufeminin.flammechesolutions.com\/wp-content\/uploads\/2024\/05\/Untitled-design-8-1.png 500w, https:\/\/afriqueaufeminin.flammechesolutions.com\/wp-content\/uploads\/2024\/05\/Untitled-design-8-1-300x300.png 300w, https:\/\/afriqueaufeminin.flammechesolutions.com\/wp-content\/uploads\/2024\/05\/Untitled-design-8-1-150x150.png 150w, https:\/\/afriqueaufeminin.flammechesolutions.com\/wp-content\/uploads\/2024\/05\/Untitled-design-8-1-12x12.png 12w, https:\/\/afriqueaufeminin.flammechesolutions.com\/wp-content\/uploads\/2024\/05\/Untitled-design-8-1-200x200.png 200w\" sizes=\"(max-width: 500px) 100vw, 500px\" \/>\t\t\t\t\t\t\t\t<\/a>\n\t\t\t\t\t\t\t\t\t\t\t<figcaption class=\"widget-image-caption wp-caption-text\">Sant\u00e9 et services sociaux Qu\u00e9bec<\/figcaption>\n\t\t\t\t\t\t\t\t\t\t<\/figure>\n\t\t\t\t\t\t\t<\/div>\n\t\t\t\t<\/div>\n\t\t\t\t\t<\/div>\n\t\t<\/div>\n\t\t\t\t<div class=\"aux-parallax-section elementor-column elementor-col-25 elementor-top-column elementor-element elementor-element-0557d28\" data-id=\"0557d28\" data-element_type=\"column\">\n\t\t\t<div class=\"elementor-widget-wrap elementor-element-populated\">\n\t\t\t\t\t\t<div class=\"elementor-element elementor-element-215041a elementor-widget elementor-widget-theme-post-featured-image elementor-widget-image\" data-id=\"215041a\" data-element_type=\"widget\" data-widget_type=\"theme-post-featured-image.default\">\n\t\t\t\t<div class=\"elementor-widget-container\">\n\t\t\t\t\t\t\t\t\t\t<figure class=\"wp-caption\">\n\t\t\t\t\t\t\t\t\t\t\t<a href=\"https:\/\/www.mfa.gouv.qc.ca\/fr\/Pages\/index.aspx\">\n\t\t\t\t\t\t\t<img decoding=\"async\" width=\"500\" height=\"500\" src=\"https:\/\/afriqueaufeminin.flammechesolutions.com\/wp-content\/uploads\/2024\/05\/Untitled-design-7-2.png\" class=\"attachment-full size-full wp-image-913\" alt=\"\" srcset=\"https:\/\/afriqueaufeminin.flammechesolutions.com\/wp-content\/uploads\/2024\/05\/Untitled-design-7-2.png 500w, https:\/\/afriqueaufeminin.flammechesolutions.com\/wp-content\/uploads\/2024\/05\/Untitled-design-7-2-300x300.png 300w, https:\/\/afriqueaufeminin.flammechesolutions.com\/wp-content\/uploads\/2024\/05\/Untitled-design-7-2-150x150.png 150w, https:\/\/afriqueaufeminin.flammechesolutions.com\/wp-content\/uploads\/2024\/05\/Untitled-design-7-2-12x12.png 12w, https:\/\/afriqueaufeminin.flammechesolutions.com\/wp-content\/uploads\/2024\/05\/Untitled-design-7-2-200x200.png 200w\" sizes=\"(max-width: 500px) 100vw, 500px\" \/>\t\t\t\t\t\t\t\t<\/a>\n\t\t\t\t\t\t\t\t\t\t\t<figcaption class=\"widget-image-caption wp-caption-text\">Famille et a\u00een\u00e9s Qu\u00e9bec<\/figcaption>\n\t\t\t\t\t\t\t\t\t\t<\/figure>\n\t\t\t\t\t\t\t<\/div>\n\t\t\t\t<\/div>\n\t\t\t\t\t<\/div>\n\t\t<\/div>\n\t\t\t\t<div class=\"aux-parallax-section elementor-column elementor-col-25 elementor-top-column elementor-element elementor-element-f00a849\" data-id=\"f00a849\" data-element_type=\"column\">\n\t\t\t<div class=\"elementor-widget-wrap elementor-element-populated\">\n\t\t\t\t\t\t<div class=\"elementor-element elementor-element-c1e10af elementor-widget elementor-widget-theme-post-featured-image elementor-widget-image\" data-id=\"c1e10af\" data-element_type=\"widget\" data-widget_type=\"theme-post-featured-image.default\">\n\t\t\t\t<div class=\"elementor-widget-container\">\n\t\t\t\t\t\t\t\t\t\t<figure class=\"wp-caption\">\n\t\t\t\t\t\t\t\t\t\t\t<a href=\"https:\/\/www.desjardins.com\/\">\n\t\t\t\t\t\t\t<img loading=\"lazy\" decoding=\"async\" width=\"500\" height=\"500\" src=\"https:\/\/afriqueaufeminin.flammechesolutions.com\/wp-content\/uploads\/2024\/05\/Untitled-design-5-1.png\" class=\"attachment-full size-full wp-image-916\" alt=\"\" srcset=\"https:\/\/afriqueaufeminin.flammechesolutions.com\/wp-content\/uploads\/2024\/05\/Untitled-design-5-1.png 500w, https:\/\/afriqueaufeminin.flammechesolutions.com\/wp-content\/uploads\/2024\/05\/Untitled-design-5-1-300x300.png 300w, https:\/\/afriqueaufeminin.flammechesolutions.com\/wp-content\/uploads\/2024\/05\/Untitled-design-5-1-150x150.png 150w, https:\/\/afriqueaufeminin.flammechesolutions.com\/wp-content\/uploads\/2024\/05\/Untitled-design-5-1-12x12.png 12w, https:\/\/afriqueaufeminin.flammechesolutions.com\/wp-content\/uploads\/2024\/05\/Untitled-design-5-1-200x200.png 200w\" sizes=\"(max-width: 500px) 100vw, 500px\" \/>\t\t\t\t\t\t\t\t<\/a>\n\t\t\t\t\t\t\t\t\t\t\t<figcaption class=\"widget-image-caption wp-caption-text\">Desjardins Bank<\/figcaption>\n\t\t\t\t\t\t\t\t\t\t<\/figure>\n\t\t\t\t\t\t\t<\/div>\n\t\t\t\t<\/div>\n\t\t\t\t\t<\/div>\n\t\t<\/div>\n\t\t\t\t\t<\/div>\n\t\t<\/section>\n\t\t\t\t<section class=\"elementor-section elementor-top-section elementor-element elementor-element-09ba789 elementor-section-boxed elementor-section-height-default elementor-section-height-default\" data-id=\"09ba789\" data-element_type=\"section\">\n\t\t\t\t\t\t<div class=\"elementor-container elementor-column-gap-default\">\n\t\t\t\t\t<div class=\"aux-parallax-section elementor-column elementor-col-33 elementor-top-column elementor-element elementor-element-637d958\" data-id=\"637d958\" data-element_type=\"column\">\n\t\t\t<div class=\"elementor-widget-wrap elementor-element-populated\">\n\t\t\t\t\t\t<div class=\"elementor-element elementor-element-82fdcda elementor-widget elementor-widget-theme-post-featured-image elementor-widget-image\" data-id=\"82fdcda\" data-element_type=\"widget\" data-widget_type=\"theme-post-featured-image.default\">\n\t\t\t\t<div class=\"elementor-widget-container\">\n\t\t\t\t\t\t\t\t\t\t<figure class=\"wp-caption\">\n\t\t\t\t\t\t\t\t\t\t\t<a href=\"https:\/\/fgmtl.org\/\">\n\t\t\t\t\t\t\t<img loading=\"lazy\" decoding=\"async\" width=\"500\" height=\"500\" src=\"https:\/\/afriqueaufeminin.flammechesolutions.com\/wp-content\/uploads\/2024\/05\/Untitled-design-6-1.png\" class=\"attachment-full size-full wp-image-917\" alt=\"\" srcset=\"https:\/\/afriqueaufeminin.flammechesolutions.com\/wp-content\/uploads\/2024\/05\/Untitled-design-6-1.png 500w, https:\/\/afriqueaufeminin.flammechesolutions.com\/wp-content\/uploads\/2024\/05\/Untitled-design-6-1-300x300.png 300w, https:\/\/afriqueaufeminin.flammechesolutions.com\/wp-content\/uploads\/2024\/05\/Untitled-design-6-1-150x150.png 150w, https:\/\/afriqueaufeminin.flammechesolutions.com\/wp-content\/uploads\/2024\/05\/Untitled-design-6-1-12x12.png 12w, https:\/\/afriqueaufeminin.flammechesolutions.com\/wp-content\/uploads\/2024\/05\/Untitled-design-6-1-200x200.png 200w\" sizes=\"(max-width: 500px) 100vw, 500px\" \/>\t\t\t\t\t\t\t\t<\/a>\n\t\t\t\t\t\t\t\t\t\t\t<figcaption class=\"widget-image-caption wp-caption-text\">La Fondation du Grand Montr\u00e9al<\/figcaption>\n\t\t\t\t\t\t\t\t\t\t<\/figure>\n\t\t\t\t\t\t\t<\/div>\n\t\t\t\t<\/div>\n\t\t\t\t\t<\/div>\n\t\t<\/div>\n\t\t\t\t<div class=\"aux-parallax-section elementor-column elementor-col-33 elementor-top-column elementor-element elementor-element-bf10fda\" data-id=\"bf10fda\" data-element_type=\"column\">\n\t\t\t<div class=\"elementor-widget-wrap elementor-element-populated\">\n\t\t\t\t\t\t<div class=\"elementor-element elementor-element-7e9e6c3 elementor-widget elementor-widget-theme-post-featured-image elementor-widget-image\" data-id=\"7e9e6c3\" data-element_type=\"widget\" data-widget_type=\"theme-post-featured-image.default\">\n\t\t\t\t<div class=\"elementor-widget-container\">\n\t\t\t\t\t\t\t\t\t\t<figure class=\"wp-caption\">\n\t\t\t\t\t\t\t\t\t\t\t<a href=\"https:\/\/www.quebec.ca\/immigration\">\n\t\t\t\t\t\t\t<img loading=\"lazy\" decoding=\"async\" width=\"500\" height=\"500\" src=\"https:\/\/afriqueaufeminin.flammechesolutions.com\/wp-content\/uploads\/2024\/05\/Untitled-design-4-1.png\" class=\"attachment-full size-full wp-image-918\" alt=\"\" srcset=\"https:\/\/afriqueaufeminin.flammechesolutions.com\/wp-content\/uploads\/2024\/05\/Untitled-design-4-1.png 500w, https:\/\/afriqueaufeminin.flammechesolutions.com\/wp-content\/uploads\/2024\/05\/Untitled-design-4-1-300x300.png 300w, https:\/\/afriqueaufeminin.flammechesolutions.com\/wp-content\/uploads\/2024\/05\/Untitled-design-4-1-150x150.png 150w, https:\/\/afriqueaufeminin.flammechesolutions.com\/wp-content\/uploads\/2024\/05\/Untitled-design-4-1-12x12.png 12w, https:\/\/afriqueaufeminin.flammechesolutions.com\/wp-content\/uploads\/2024\/05\/Untitled-design-4-1-200x200.png 200w\" sizes=\"(max-width: 500px) 100vw, 500px\" \/>\t\t\t\t\t\t\t\t<\/a>\n\t\t\t\t\t\t\t\t\t\t\t<figcaption class=\"widget-image-caption wp-caption-text\">Immigration, francisation et int\u00e9gration Qu\u00e9bec<\/figcaption>\n\t\t\t\t\t\t\t\t\t\t<\/figure>\n\t\t\t\t\t\t\t<\/div>\n\t\t\t\t<\/div>\n\t\t\t\t\t<\/div>\n\t\t<\/div>\n\t\t\t\t<div class=\"aux-parallax-section elementor-column elementor-col-33 elementor-top-column elementor-element elementor-element-af90135\" data-id=\"af90135\" data-element_type=\"column\">\n\t\t\t<div class=\"elementor-widget-wrap elementor-element-populated\">\n\t\t\t\t\t\t<div class=\"elementor-element elementor-element-7018cd5 elementor-widget elementor-widget-theme-post-featured-image elementor-widget-image\" data-id=\"7018cd5\" data-element_type=\"widget\" data-widget_type=\"theme-post-featured-image.default\">\n\t\t\t\t<div class=\"elementor-widget-container\">\n\t\t\t\t\t\t\t\t\t\t<figure class=\"wp-caption\">\n\t\t\t\t\t\t\t\t\t\t\t<a href=\"https:\/\/www.fondationbondepart.ca\/\">\n\t\t\t\t\t\t\t<img loading=\"lazy\" decoding=\"async\" width=\"500\" height=\"500\" src=\"https:\/\/afriqueaufeminin.flammechesolutions.com\/wp-content\/uploads\/2024\/06\/Untitled-design-3.png\" class=\"attachment-large size-large wp-image-935\" alt=\"\" srcset=\"https:\/\/afriqueaufeminin.flammechesolutions.com\/wp-content\/uploads\/2024\/06\/Untitled-design-3.png 500w, https:\/\/afriqueaufeminin.flammechesolutions.com\/wp-content\/uploads\/2024\/06\/Untitled-design-3-300x300.png 300w, https:\/\/afriqueaufeminin.flammechesolutions.com\/wp-content\/uploads\/2024\/06\/Untitled-design-3-150x150.png 150w, https:\/\/afriqueaufeminin.flammechesolutions.com\/wp-content\/uploads\/2024\/06\/Untitled-design-3-12x12.png 12w, https:\/\/afriqueaufeminin.flammechesolutions.com\/wp-content\/uploads\/2024\/06\/Untitled-design-3-200x200.png 200w\" sizes=\"(max-width: 500px) 100vw, 500px\" \/>\t\t\t\t\t\t\t\t<\/a>\n\t\t\t\t\t\t\t\t\t\t\t<figcaption class=\"widget-image-caption wp-caption-text\">Fondation Bon d\u00e9part de Canadian Tire du Qu\u00e9bec<\/figcaption>\n\t\t\t\t\t\t\t\t\t\t<\/figure>\n\t\t\t\t\t\t\t<\/div>\n\t\t\t\t<\/div>\n\t\t\t\t\t<\/div>\n\t\t<\/div>\n\t\t\t\t\t<\/div>\n\t\t<\/section>\n\t\t\t\t<section class=\"elementor-section elementor-top-section elementor-element elementor-element-239354b elementor-section-boxed elementor-section-height-default elementor-section-height-default\" data-id=\"239354b\" data-element_type=\"section\">\n\t\t\t\t\t\t<div class=\"elementor-container elementor-column-gap-default\">\n\t\t\t\t\t<div class=\"aux-parallax-section elementor-column elementor-col-100 elementor-top-column elementor-element elementor-element-3706c3a\" data-id=\"3706c3a\" data-element_type=\"column\">\n\t\t\t<div class=\"elementor-widget-wrap elementor-element-populated\">\n\t\t\t\t\t\t<div class=\"elementor-element elementor-element-293a1d2 elementor-widget elementor-widget-aux_text\" data-id=\"293a1d2\" data-element_type=\"widget\" data-widget_type=\"aux_text.default\">\n\t\t\t\t<div class=\"elementor-widget-container\">\n\t\t\t<section class=\"widget-container aux-widget-text aux-parent-aub167e1e1\">        <div class=\"aux-widget-advanced-text aux-wrap-style-simple aux-ico-pos-top aux-text-center aux-text-resp- aux-text-color-dark aux-text-widget-bg-center\" >\n        \n            \n            <div class=\"aux-text-inner aux-text-widget-content\">\n                                <h4 class=\"col-title\">Would you like to become a partner?<\/h4>\n                                <div class=\"widget-content\">\n                                        <div class=\"et_pb_promo_description\"><div>Our partners are invaluable to our organization. They support us and help us to realize numerous projects.<\/div><\/div><p>\u00a0<\/p>                <\/div>\n                <a  href=\"https:\/\/afriqueaufeminin.flammechesolutions.com\/en\/nous-joindre\/\" target=\"_self\"   class=\"aux-button aux-medium aux-white aux-round aux-outline\" ><span class=\"aux-overlay\"><\/span><span class=\"aux-text\">Ask Us How<\/span><\/a>            <\/div>\n        <\/div>\n                    <div class=\"aux-text-widget-footer\">\n                <div class=\"aux-border-shape-none\">\n                                <\/div>\n            <\/div>\n        \n<\/section><!-- widget-container -->\t\t<\/div>\n\t\t\t\t<\/div>\n\t\t\t\t\t<\/div>\n\t\t<\/div>\n\t\t\t\t\t<\/div>\n\t\t<\/section>\n\t\t\t\t<\/div>","protected":false},"excerpt":{"rendered":"<p>Rencontrer nos partenaires Nous sommes extr\u00eamement reconnaissantes du soutien de nos partenaires, sans qui notre travail ne serait pas possible. Aimeriez-vous devenir un partenaire? Nos partenaires ont une grande valeur pour notre organisme. Ils nous soutiennent et nous aident \u00e0 concr\u00e9tiser de nombreux projets. \u00a0 Demandez-nous comment<\/p>","protected":false},"author":1,"featured_media":0,"parent":0,"menu_order":0,"comment_status":"closed","ping_status":"closed","template":"","meta":{"_monsterinsights_skip_tracking":false,"_monsterinsights_sitenote_active":false,"_monsterinsights_sitenote_note":"","_monsterinsights_sitenote_category":0,"footnotes":""},"class_list":["post-479","page","type-page","status-publish","hentry"],"_links":{"self":[{"href":"https:\/\/afriqueaufeminin.flammechesolutions.com\/en\/wp-json\/wp\/v2\/pages\/479"}],"collection":[{"href":"https:\/\/afriqueaufeminin.flammechesolutions.com\/en\/wp-json\/wp\/v2\/pages"}],"about":[{"href":"https:\/\/afriqueaufeminin.flammechesolutions.com\/en\/wp-json\/wp\/v2\/types\/page"}],"author":[{"embeddable":true,"href":"https:\/\/afriqueaufeminin.flammechesolutions.com\/en\/wp-json\/wp\/v2\/users\/1"}],"replies":[{"embeddable":true,"href":"https:\/\/afriqueaufeminin.flammechesolutions.com\/en\/wp-json\/wp\/v2\/comments?post=479"}],"version-history":[{"count":16,"href":"https:\/\/afriqueaufeminin.flammechesolutions.com\/en\/wp-json\/wp\/v2\/pages\/479\/revisions"}],"predecessor-version":[{"id":938,"href":"https:\/\/afriqueaufeminin.flammechesolutions.com\/en\/wp-json\/wp\/v2\/pages\/479\/revisions\/938"}],"wp:attachment":[{"href":"https:\/\/afriqueaufeminin.flammechesolutions.com\/en\/wp-json\/wp\/v2\/media?parent=479"}],"curies":[{"name":"wp","href":"https:\/\/api.w.org\/{rel}","templated":true}]}}